{"id":3490,"date":"2014-06-17T22:10:48","date_gmt":"2014-06-17T22:10:48","guid":{"rendered":"http:\/\/lauris.prodemo.lv\/biografija-2\/"},"modified":"2026-02-12T10:20:00","modified_gmt":"2026-02-12T08:20:00","slug":"biography","status":"publish","type":"page","link":"https:\/\/laurisreiniks.globalpro.lv\/en\/biography\/","title":{"rendered":"Biography"},"content":{"rendered":"<p><img loading=\"lazy\" decoding=\"async\" class=\" wp-image-6014\" src=\"https:\/\/laurisreiniks.com\/wp-content\/uploads\/2014\/06\/Lauris_Reiniks-_Headshot_2023.jpg\" alt=\"Photo by Bradford Rogne Photography 2023\" width=\"414\" height=\"621\" srcset=\"https:\/\/laurisreiniks.globalpro.lv\/wp-content\/uploads\/2014\/06\/Lauris_Reiniks-_Headshot_2023.jpg 938w, https:\/\/laurisreiniks.globalpro.lv\/wp-content\/uploads\/2014\/06\/Lauris_Reiniks-_Headshot_2023-200x300.jpg 200w, https:\/\/laurisreiniks.globalpro.lv\/wp-content\/uploads\/2014\/06\/Lauris_Reiniks-_Headshot_2023-683x1024.jpg 683w, https:\/\/laurisreiniks.globalpro.lv\/wp-content\/uploads\/2014\/06\/Lauris_Reiniks-_Headshot_2023-650x974.jpg 650w, https:\/\/laurisreiniks.globalpro.lv\/wp-content\/uploads\/2014\/06\/Lauris_Reiniks-_Headshot_2023-400x600.jpg 400w\" sizes=\"auto, (max-width: 414px) 100vw, 414px\" \/><\/p>\n<p style=\"text-align: justify;\"><strong><b>Lauris Reiniks\u00a0<\/b>is award-winning Latvian pop music singer, songwriter, television host, and actor. Lauris has graduated from Jelgava\u00a0Music college, studied communication studies at the University of Latvia\u00a0and trained as an actor for film and television in Los Angeles, California. He has released 9 solo albums and singles in 11 languages. As a composer and recording artist Lauris Reiniks has received more than 20 National Latvian awards and has gained international recognition in the Baltic States. He is a composer and one of the creators of the multi-award winning and beloved kids project &#8220;Ri\u010dijs R\u016b&#8221; (<a href=\"https:\/\/en.wikipedia.org\/wiki\/Richie_Roo_Bear\" target=\"_blank\" rel=\"noopener\">Richie Roo bear<\/a>). Lauris Reiniks is also the Season 1 winner of Latvian &#8220;Dancing With The Star&#8221; show. The millions of views of his music videos on YouTube has unofficially made him a &#8220;King of YouTube&#8221; in Latvia.<\/strong><\/p>\n<p><iframe loading=\"lazy\" src=\"https:\/\/www.youtube.com\/embed\/VJADDoNIuuE?wmode=transparent\" width=\"620\" height=\"348\" ><\/iframe><\/p>\n<h4 class=\"gdlr-heading-shortcode \"  style=\"color: #8cc7d8;\" >Beginning<\/h4>\n<p style=\"text-align: justify;\">Lauris was born in the Latvian town of Dobele, raised\u00a0in a musical family in T\u0113rvete, was educated at the Jelgava College of Music and the University of Latvia, and honed his acting skills in Los Angeles, California.<br \/>\nLauris&#8217; first appearance on television was at the age of five, singing in a show called \u201cThe neighbours meet\u201d. As a kid and teenager, Lauris was a solist in a pop-rock group called \u201cAURI\u201d formed by his father. Together with this band Lauris gained his first stage experience; participating in different children music festivals, contests and other musical activities.<\/p>\n<p style=\"text-align: justify;\">The Reiniks family (mother Dace, father Arturs, sister Ruta) used to be one of the most active singing families in the country. They regularly appeared on a broadcast called &#8220;Spiets&#8221; (The Swarm) and toured around Latvia with concerts.<\/p>\n<p style=\"text-align: justify;\">In 1998 Latvian Television noticed the young and attractive Lauris and offered him to host a new musical TV show called &#8220;No\u0161u Sp\u0113les&#8221; (Games of Music Notes).<\/p>\n<p style=\"text-align: justify;\">The show brought Lauris together with the popular Latvian composer <strong>Raimonds Pauls<\/strong> who invited Lauris to participate in several his music projects and record songs. This collaboration lasted for one year when Lauris realized he can write his own music and be an independent artist.<\/p>\n<p style=\"text-align: justify;\">The management company Aktiv Music approached Lauris Reiniks in 2000 and offered him a record deal with Platforma Records company. That was the moment when Lauris stepped into the big scene of Latvian popmusic and started his way to success and fame.<\/p>\n<p style=\"text-align: justify;\">\n<h4 class=\"gdlr-heading-shortcode \"  style=\"color: #8cc7d8;\" >Becoming a Star<\/h4>\n<\/p>\n<p style=\"text-align: justify;\">The experienced pop musician has released <strong>9\u00a0solo albums<\/strong>. As a composer and recording artist, Lauris has received more than 20 National awards. Three times he has been the winner of the prestigious <em><strong>Universality Prize<\/strong><\/em>, which is offered by AKKA\/LAA the Latvian copyright agency for those songs that have been heard most often on the radio and television. Albums\u00a0\u201cLidot sav\u0101d\u0101k\u201d (\u201cTo Fly Differently\u201d, 2003), &#8220;Es skrienu&#8221; (&#8220;I run&#8221;, 2010) and &#8220;Ri\u010dijs R\u016b r\u012bko koncertu&#8221; (&#8220;Richie Roo throws a concert&#8221;, 2021)\u00a0have all received the Golden Disc award in Latvia (Zelta disks) for outstanding number of sales. His 2010 album &#8220;Es skrienu&#8221; was awarded as <strong>&#8220;Best Pop Album&#8221;<\/strong> at Latvian Music Awards (Zelta Mikrofons). The title song &#8220;Es skrienu&#8221; from the same album won in a category Radio Hit and was officially the best selling song of 2010 on doremi.lv &#8211; the biggest mp3 shop in Latvia at a time.<\/p>\n<p style=\"text-align: justify;\">In 2004 the popular pop music magazine <em>&#8220;Top of the Pops&#8221;<\/em> awarded Lauris with a title of <em>&#8220;Latvian National Megastar&#8221;<\/em> but in 2009 marketing and public relations specialists from 7guru.lv who presented a list of Latvia\u2019s seven most successful pop musicians ranked Lauris second, right after the band <em>Brainstorm<\/em>.<\/p>\n<p style=\"text-align: justify;\">Reiniks&#8217; most popular and renowned songs are &#8220;Sirds Sadeg Neparasti&#8221;, &#8220;Es Neesmu Nepr\u0101t\u012bgs&#8221;, &#8220;Tik Balti&#8221;, &#8220;Es Tev Apmulsis&#8221;, &#8220;Tev \u0160odien Vienalga&#8221;, 2008 smash &#8220;Es Esmu Tev Dz\u012bsl\u0101s&#8221; in a duet with his sister, Ruta 2009 hit &#8220;Pasak\u0101&#8221; in a duet with Aisha and 2010 smash &#8220;Es skrienu&#8221; which he recorded in 9 languages. &#8220;Es skrienu&#8221; not only hit Latvian radio charts, but also Estonian (Ma jooksen) and Lithuanian (A\u0161 begu). With a music video of this song Lauris has set the Baltic record as the first Baltic artist who has reached 1 million views on YouTube in a very short period of time. In 2021 Lauris debutes as a composer of songs for kids. \u00a0&#8220;Ri\u010dijs R\u016b r\u012bko koncertu&#8221; (Richie Roo throws a concert) interactive book and song album for childrem is released. The project was created\u00a0by\u00a0Reiniks family and it quickly becomes a smash hit, followed by a sold-out Latvian tour, Platinum Disc award and a title of &#8220;Book of The year 2021 for Kids&#8221;.<\/p>\n<p style=\"text-align: justify;\">As a <strong>TV Presenter<\/strong>, Lauris has worked for Latvian Television, LNT, TV3 Latvia and 360TV. Some of the major TV projects include &#8220;Supernova&#8221; (Latvian Eurovision Selection), \u201cJunior Eurovision\u201d, &#8220;Sapnis cit\u0101 Amerik\u0101&#8221; (A Dream in a different America) , \u201cIzklausies redz\u0113ts&#8221; (Your Face Sounds Familiar), \u00a0&#8220;Dziedi ar zvaigzni&#8221; (Sing With the Star), &#8220;Koru kari&#8221; (Clash Of The Choirs), &#8220;Latvijas Zelta Talanti&#8221; (Latvia\u2019s Golden Talents), &#8220;Latvijas dziedo\u0161\u0101s \u0123imenes&#8221; (Latvia\u2019s Singing Families), &#8220;Pasaki to ska\u013ci&#8221; (Say it out loud) and others. Lauris has recieved the prestigious National TV award &#8220;Zelta Vilnis 2009&#8221; (Golden Wave 2009) in a nomination &#8220;<strong>TV Personality of the Year<\/strong>&#8220;! In 2017 Lauris receives the television award &#8220;Ekr\u0101na m\u012blulis&#8221; (TV screens favorite) for his work on &#8220;Izklausies Redz\u0113ts&#8221; (Your Face sounds familiar) TV3 show and contribution in Latvian show business. A year later in 2018, LAPPA (Latvian Association of event producers) awards Lauris Reiniks with an award of excellence in a nomination &#8220;Excellent host of events&#8221;.<\/p>\n<p style=\"text-align: justify;\">As an <strong>actor<\/strong>, Lauris Reiniks has appeared in a Latvian production of \u201cThe Sound of Music\u201d musical and a play \u201cAutoplanet.\u201d In a suporrting role he&#8217;s been\u00a0in the historical Arv\u012bds Krievs feature film &#8220;Dancis pa trim&#8221; (Three to dance), where Lauris plays Edward, a member of the Latvian Legion of World War II. Also in 2009, Lauris proved his skills as a comedic actor by appearing in a Latvian production of \u201cLadies\u2019 Night\u201d play that was staged in a the National theater of Latvia. In 2016 he joins the Season 4 cast of TV3 hit series &#8220;Vi\u0146as melo lab\u0101k&#8221; (Women lie better), playing a criminal character named Igors. In 2018 his character returns in the show&#8217;s 6th season. End of 2018 brings Lauris Reiniks his first big movie role of Andrejs, the taxi driver. Lauris is starring in a romantic comedy &#8220;Jaungada taksometrs&#8221; (New Year&#8217;s Taxi) movie, directed by internationally recognized director Maris Martinsons. A year later he is in a sequel &#8220;Jaungada Taksometrs 2&#8221;. In 2019 Lauris also lands a role of Simba in the new &#8220;The Lion King&#8221; movie produced by Walt Disney Pictures. He is both\u00a0singing and speaking voice of the adult Simba in the Latvian dubbed version. He has played in TV shows like &#8220;Perfekt\u0101s k\u0101zas&#8221; (The perfect wedding), &#8220;No naida l\u012bdz m\u012blest\u012bbai&#8221; (From hate to love) and &#8220;Saldais p\u0101r\u012btis&#8221; (The sweet couple).<\/p>\n<h4 class=\"gdlr-heading-shortcode \"  style=\"color: #8cc7d8;\" >International<\/h4>\n<p style=\"text-align: justify;\">Lauris has also done well in taking part in various shows as well as song and performance contests: Slovakia, Lithuania, Estonia, Ireland, Kazakhstan, Germany, Austria, Belgium and USA.<\/p>\n<p style=\"text-align: justify;\">In the spring of 2008, an ABC television affiliate in California, USA presented a story about Lauris as a successful pop musician and winner of the Latvian version of \u201cDancing with the Stars.\u201d<\/p>\n<p style=\"text-align: justify;\">In 2010 Lauris Reiniks established himself as a pan-Baltic artist releasing songs in Estonia and Lithuania. Following the great success of songs on radio charts, in 2011 Lauris Reiniks released his albums for Estonia and Lithuania that featured such superhits as &#8220;A\u0161 begu&#8221; , &#8220;Ma jooksen&#8221;, &#8220;Linnamuinasjutt&#8221;, &#8220;Pasaka&#8221;. Albums for Lithuania and Estonia was an adaptation of Lauris&#8217;s award winning Latvian album &#8220;Es skrienu&#8221;. Over the years many of Lauris Reiniks Latvian hit songs have become known and beloved also in Lithuania and Estonia.<\/p>\n<p style=\"text-align: justify;\">\n<h4 class=\"gdlr-heading-shortcode \"  style=\"color: #8cc7d8;\" >Eurovision Song Contest<\/h4>\n<\/p>\n<p style=\"text-align: justify;\">In 2009, his song \u201cI Wish I Could Pretend\u201d took 2nd place among 300 songs in the Irish Eurovision final, receiving top marks from the jury in Dublin. Lauris Reiniks has participated in the Latvian finals of the Eurovision song contest three times \u2013 in 2001 in duet with Linda Leen, in 2002 as a soloist, and in 2003 as part of the trio FLY, which won the competition and went on to appear in the international Eurovision finals. In 2011 he finishes 2nd at Latvian Eurovision finals with his song &#8220;Banjo Laura&#8221;.<\/p>\n<p style=\"text-align: justify;\">P.S. Lauris Reiniks speaks fluent Latvian, English, Russian and a little Spanish. He loves to travel, ride horses and just relax with positive and happy people. More than anything else, Lauris wants the world to know what and where Latvia is.There is so much of which Latvia can be proud \u2013 talented and fine people, beautiful R\u012bga, and the wonderful inspirations of the natural world.<\/p>\n<p style=\"text-align: justify;\">\n<div class=\"gdlr-stunning-text-ux gdlr-ux\">\n<div class=\"gdlr-stunning-text-item type-normal with-padding \" style=\"background-color:#323232;\" >\n<h2 class=\"stunning-text-title\" style=\"color: #ffffff\" ><em>Lauris Reiniks <strong>Show Reel<\/strong> (2007)<\/em><\/h2>\n<div class=\"stunning-text-caption\" style=\"color: #cccccc\" ><iframe loading=\"lazy\" src=\"https:\/\/www.youtube.com\/embed\/YdAZKtGz6Os?wmode=transparent\" width=\"620\" height=\"348\" ><\/iframe><\/div>\n<\/div>\n<\/div>\n<div class=\"gdlr-stunning-text-ux gdlr-ux\">\n<div class=\"gdlr-stunning-text-item type-normal with-padding \" style=\"background-color:#323232;\" >\n<h2 class=\"stunning-text-title\" style=\"color: #ffffff\" ><em><strong>ABC7 Eyewitness News<\/strong> in California presents a story about Lauris Reiniks:<\/em><\/h2>\n<div class=\"stunning-text-caption\" style=\"color: #cccccc\" ><iframe loading=\"lazy\" src=\"https:\/\/www.youtube.com\/embed\/lsKuK9RRgFk?wmode=transparent\" width=\"620\" height=\"348\" ><\/iframe><\/div>\n<\/div>\n<\/div>\n","protected":false},"excerpt":{"rendered":"<p>Lauris Reiniks\u00a0is award-winning Latvian pop music singer, songwriter, television host, and actor. Lauris has graduated from Jelgava\u00a0Music college, studied communication studies at the University of Latvia\u00a0and trained as an actor for film and television in Los Angeles, California. He has released 9 solo albums and singles in 11 languages. As a composer and recording artist&#8230; <a href=\"https:\/\/laurisreiniks.globalpro.lv\/en\/biography\/\" class=\"excerpt-read-more\">Read More<\/a><\/p>\n","protected":false},"author":2,"featured_media":0,"parent":0,"menu_order":1,"comment_status":"closed","ping_status":"open","template":"","meta":{"jetpack_post_was_ever_published":false,"footnotes":""},"class_list":["post-3490","page","type-page","status-publish","hentry"],"aioseo_notices":[],"jetpack_sharing_enabled":true,"jetpack_shortlink":"https:\/\/wp.me\/P7ri8r-Ui","jetpack-related-posts":[],"_links":{"self":[{"href":"https:\/\/laurisreiniks.globalpro.lv\/en\/wp-json\/wp\/v2\/pages\/3490","targetHints":{"allow":["GET"]}}],"collection":[{"href":"https:\/\/laurisreiniks.globalpro.lv\/en\/wp-json\/wp\/v2\/pages"}],"about":[{"href":"https:\/\/laurisreiniks.globalpro.lv\/en\/wp-json\/wp\/v2\/types\/page"}],"author":[{"embeddable":true,"href":"https:\/\/laurisreiniks.globalpro.lv\/en\/wp-json\/wp\/v2\/users\/2"}],"replies":[{"embeddable":true,"href":"https:\/\/laurisreiniks.globalpro.lv\/en\/wp-json\/wp\/v2\/comments?post=3490"}],"version-history":[{"count":9,"href":"https:\/\/laurisreiniks.globalpro.lv\/en\/wp-json\/wp\/v2\/pages\/3490\/revisions"}],"predecessor-version":[{"id":7080,"href":"https:\/\/laurisreiniks.globalpro.lv\/en\/wp-json\/wp\/v2\/pages\/3490\/revisions\/7080"}],"wp:attachment":[{"href":"https:\/\/laurisreiniks.globalpro.lv\/en\/wp-json\/wp\/v2\/media?parent=3490"}],"curies":[{"name":"wp","href":"https:\/\/api.w.org\/{rel}","templated":true}]}}